{"id":28,"date":"2025-02-16T08:32:50","date_gmt":"2025-02-16T08:32:50","guid":{"rendered":"https:\/\/xlifesurf.hdonline.pt\/?page_id=28"},"modified":"2025-02-28T18:49:47","modified_gmt":"2025-02-28T18:49:47","slug":"aluguer","status":"publish","type":"page","link":"https:\/\/xlifesurf.hdonline.pt\/en\/aluguer\/","title":{"rendered":"Aluguer"},"content":{"rendered":"<div data-elementor-type=\"wp-page\" data-elementor-id=\"28\" class=\"elementor elementor-28\" data-elementor-post-type=\"page\">\n\t\t\t\t<div class=\"elementor-element elementor-element-f905396 e-flex e-con-boxed e-con e-parent\" data-id=\"f905396\" data-element_type=\"container\">\n\t\t\t\t\t<div class=\"e-con-inner\">\n\t\t\t\t<div class=\"elementor-element elementor-element-b71ac95 elementor-widget elementor-widget-spacer\" data-id=\"b71ac95\" data-element_type=\"widget\" data-widget_type=\"spacer.default\">\n\t\t\t\t<div class=\"elementor-widget-container\">\n\t\t\t\t\t\t\t<div class=\"elementor-spacer\">\n\t\t\t<div class=\"elementor-spacer-inner\"><\/div>\n\t\t<\/div>\n\t\t\t\t\t\t<\/div>\n\t\t\t\t<\/div>\n\t\t\t\t<div class=\"elementor-element elementor-element-d519cc7 elementor-widget elementor-widget-heading\" data-id=\"d519cc7\" data-element_type=\"widget\" data-widget_type=\"heading.default\">\n\t\t\t\t<div class=\"elementor-widget-container\">\n\t\t\t\t\t<h1 class=\"elementor-heading-title elementor-size-default\">ALUGUER DE MATERIAL<\/h1>\t\t\t\t<\/div>\n\t\t\t\t<\/div>\n\t\t\t\t<div class=\"elementor-element elementor-element-731e87b elementor-widget elementor-widget-image\" data-id=\"731e87b\" data-element_type=\"widget\" data-widget_type=\"image.default\">\n\t\t\t\t<div class=\"elementor-widget-container\">\n\t\t\t\t\t\t\t\t\t\t\t\t\t\t\t<img fetchpriority=\"high\" decoding=\"async\" width=\"800\" height=\"533\" src=\"https:\/\/xlifesurf.hdonline.pt\/wp-content\/uploads\/2025\/02\/XLIFE202142-1024x682.jpg\" class=\"attachment-large size-large wp-image-60\" alt=\"ALUGUER MATERIAL\" srcset=\"https:\/\/xlifesurf.hdonline.pt\/wp-content\/uploads\/2025\/02\/XLIFE202142-1024x682.jpg 1024w, https:\/\/xlifesurf.hdonline.pt\/wp-content\/uploads\/2025\/02\/XLIFE202142-300x200.jpg 300w, https:\/\/xlifesurf.hdonline.pt\/wp-content\/uploads\/2025\/02\/XLIFE202142-768x511.jpg 768w, https:\/\/xlifesurf.hdonline.pt\/wp-content\/uploads\/2025\/02\/XLIFE202142-1536x1022.jpg 1536w, https:\/\/xlifesurf.hdonline.pt\/wp-content\/uploads\/2025\/02\/XLIFE202142.jpg 1920w\" sizes=\"(max-width: 800px) 100vw, 800px\" \/>\t\t\t\t\t\t\t\t\t\t\t\t\t\t\t<\/div>\n\t\t\t\t<\/div>\n\t\t\t\t<div class=\"elementor-element elementor-element-21acc76 elementor-widget elementor-widget-text-editor\" data-id=\"21acc76\" data-element_type=\"widget\" data-widget_type=\"text-editor.default\">\n\t\t\t\t<div class=\"elementor-widget-container\">\n\t\t\t\t\t\t\t\t\t<p class=\"text-align-center\">Tendo em considera\u00e7\u00e3o as quest\u00f5es de seguran\u00e7a, e que existem regras essenciais para a pr\u00e1tica de surf,<br \/>a XLIFE prefere alugar material aos seus alunos ou a pessoas que, de certa forma,<br \/>nos consigam demonstrar que possuem alguma experi\u00eancia nesta modalidade.<\/p><p class=\"text-align-center\">Certamente iremos aconselhar os nosso clientes a entrar ou n\u00e3o na \u00e1gua, dependendo das condi\u00e7\u00f5es do mar.<br \/>A seguran\u00e7a dos nossos clientes est\u00e1 acima de tudo.<br \/>N\u00e3o s\u00f3 se podem magoar seriamente como podem tamb\u00e9m magoar terceiros.<\/p>\t\t\t\t\t\t\t\t<\/div>\n\t\t\t\t<\/div>\n\t\t\t\t\t<\/div>\n\t\t\t\t<\/div>\n\t\t<div class=\"elementor-element elementor-element-695d56e e-con-full e-flex e-con e-parent\" data-id=\"695d56e\" data-element_type=\"container\">\n\t\t<div class=\"elementor-element elementor-element-3041c85 e-con-full e-flex e-con e-child\" data-id=\"3041c85\" data-element_type=\"container\">\n\t\t\t\t<div class=\"elementor-element elementor-element-2b7adc6 elementor-widget elementor-widget-image\" data-id=\"2b7adc6\" data-element_type=\"widget\" data-widget_type=\"image.default\">\n\t\t\t\t<div class=\"elementor-widget-container\">\n\t\t\t\t\t\t\t\t\t\t\t\t\t\t\t<img decoding=\"async\" width=\"800\" height=\"451\" src=\"https:\/\/xlifesurf.hdonline.pt\/wp-content\/uploads\/2025\/02\/IMG_0451-2023w-1024x577.jpg\" class=\"attachment-large size-large wp-image-141\" alt=\"\" srcset=\"https:\/\/xlifesurf.hdonline.pt\/wp-content\/uploads\/2025\/02\/IMG_0451-2023w-1024x577.jpg 1024w, https:\/\/xlifesurf.hdonline.pt\/wp-content\/uploads\/2025\/02\/IMG_0451-2023w-300x169.jpg 300w, https:\/\/xlifesurf.hdonline.pt\/wp-content\/uploads\/2025\/02\/IMG_0451-2023w-768x432.jpg 768w, https:\/\/xlifesurf.hdonline.pt\/wp-content\/uploads\/2025\/02\/IMG_0451-2023w-1536x865.jpg 1536w, https:\/\/xlifesurf.hdonline.pt\/wp-content\/uploads\/2025\/02\/IMG_0451-2023w.jpg 1920w\" sizes=\"(max-width: 800px) 100vw, 800px\" \/>\t\t\t\t\t\t\t\t\t\t\t\t\t\t\t<\/div>\n\t\t\t\t<\/div>\n\t\t\t\t<\/div>\n\t\t<div class=\"elementor-element elementor-element-0f4210a e-con-full e-flex e-con e-child\" data-id=\"0f4210a\" data-element_type=\"container\">\n\t\t\t\t<div class=\"elementor-element elementor-element-5cb4b04 elementor-widget elementor-widget-heading\" data-id=\"5cb4b04\" data-element_type=\"widget\" data-widget_type=\"heading.default\">\n\t\t\t\t<div class=\"elementor-widget-container\">\n\t\t\t\t\t<h2 class=\"elementor-heading-title elementor-size-default\">Regras de Aluguer:<\/h2>\t\t\t\t<\/div>\n\t\t\t\t<\/div>\n\t\t\t\t<div class=\"elementor-element elementor-element-d6b23a0 elementor-widget elementor-widget-text-editor\" data-id=\"d6b23a0\" data-element_type=\"widget\" data-widget_type=\"text-editor.default\">\n\t\t\t\t<div class=\"elementor-widget-container\">\n\t\t\t\t\t\t\t\t\t<ol class=\"defaultList\"><li>Passaporte\/Identifica\u00e7\u00e3o necess\u00e1ria<\/li><li>Hor\u00e1rio: Das 8:30 at\u00e9 as 18:30 (at\u00e9 \u00e0s 20:00 na \u00e9poca alta).<\/li><li>O cliente tem de trazer todo o equipamento antes das 20:00.<\/li><li>O equipamento tem de ser devolvido todos os dias em boas condi\u00e7\u00f5es: fato e prancha lavados e limpos.<\/li><li>Se desejar ficar com o equipamento em casa ter\u00e1 de deixar um dep\u00f3sito no valor de 250\u20ac, os quais ser\u00e3o devolvidos assim que entregar o equipamento em boas condi\u00e7\u00f5es!<\/li><\/ol>\t\t\t\t\t\t\t\t<\/div>\n\t\t\t\t<\/div>\n\t\t\t\t<div class=\"elementor-element elementor-element-dc7fad8 elementor-widget elementor-widget-button\" data-id=\"dc7fad8\" data-element_type=\"widget\" data-widget_type=\"button.default\">\n\t\t\t\t<div class=\"elementor-widget-container\">\n\t\t\t\t\t\t\t\t\t<div class=\"elementor-button-wrapper\">\n\t\t\t\t\t<a class=\"elementor-button elementor-button-link elementor-size-sm\" href=\"https:\/\/xlifesurf.hdonline.pt\/en\/precos\/\">\n\t\t\t\t\t\t<span class=\"elementor-button-content-wrapper\">\n\t\t\t\t\t\t\t\t\t<span class=\"elementor-button-text\">saiba mais<\/span>\n\t\t\t\t\t<\/span>\n\t\t\t\t\t<\/a>\n\t\t\t\t<\/div>\n\t\t\t\t\t\t\t\t<\/div>\n\t\t\t\t<\/div>\n\t\t\t\t<\/div>\n\t\t\t\t<\/div>\n\t\t<div class=\"elementor-element elementor-element-09f4f02 e-flex e-con-boxed e-con e-parent\" data-id=\"09f4f02\" data-element_type=\"container\">\n\t\t\t\t\t<div class=\"e-con-inner\">\n\t\t\t\t<div class=\"elementor-element elementor-element-25853c4 elementor-widget elementor-widget-spacer\" data-id=\"25853c4\" data-element_type=\"widget\" data-widget_type=\"spacer.default\">\n\t\t\t\t<div class=\"elementor-widget-container\">\n\t\t\t\t\t\t\t<div class=\"elementor-spacer\">\n\t\t\t<div class=\"elementor-spacer-inner\"><\/div>\n\t\t<\/div>\n\t\t\t\t\t\t<\/div>\n\t\t\t\t<\/div>\n\t\t\t\t\t<\/div>\n\t\t\t\t<\/div>\n\t\t<div class=\"elementor-element elementor-element-76651865 e-flex e-con-boxed e-con e-parent\" data-id=\"76651865\" data-element_type=\"container\" data-settings=\"{&quot;background_background&quot;:&quot;classic&quot;}\">\n\t\t\t\t\t<div class=\"e-con-inner\">\n\t\t<div class=\"elementor-element elementor-element-2858d08b e-con-full e-flex e-con e-child\" data-id=\"2858d08b\" data-element_type=\"container\">\n\t\t\t\t<div class=\"elementor-element elementor-element-65835bdf elementor-widget elementor-widget-heading\" data-id=\"65835bdf\" data-element_type=\"widget\" data-widget_type=\"heading.default\">\n\t\t\t\t<div class=\"elementor-widget-container\">\n\t\t\t\t\t<h1 class=\"elementor-heading-title elementor-size-default\">Fala connosco,\n<br>n\u00e3o precisas fazer ondas!<\/h1>\t\t\t\t<\/div>\n\t\t\t\t<\/div>\n\t\t\t\t<\/div>\n\t\t<div class=\"elementor-element elementor-element-4c6f2856 e-con-full e-flex e-con e-child\" data-id=\"4c6f2856\" data-element_type=\"container\">\n\t\t\t\t<div class=\"elementor-element elementor-element-7c327eea elementor-align-center elementor-widget elementor-widget-global elementor-global-94 elementor-widget-button\" data-id=\"7c327eea\" data-element_type=\"widget\" data-widget_type=\"button.default\">\n\t\t\t\t<div class=\"elementor-widget-container\">\n\t\t\t\t\t\t\t\t\t<div class=\"elementor-button-wrapper\">\n\t\t\t\t\t<a class=\"elementor-button elementor-button-link elementor-size-sm elementor-animation-grow\" href=\"https:\/\/xlifesurf.hdonline.pt\/en\/contato\/\">\n\t\t\t\t\t\t<span class=\"elementor-button-content-wrapper\">\n\t\t\t\t\t\t\t\t\t<span class=\"elementor-button-text\">FALA CONNOSCO<\/span>\n\t\t\t\t\t<\/span>\n\t\t\t\t\t<\/a>\n\t\t\t\t<\/div>\n\t\t\t\t\t\t\t\t<\/div>\n\t\t\t\t<\/div>\n\t\t\t\t<\/div>\n\t\t\t\t\t<\/div>\n\t\t\t\t<\/div>\n\t\t\t\t<\/div>","protected":false},"excerpt":{"rendered":"<p>ALUGUER DE MATERIAL Tendo em considera\u00e7\u00e3o as quest\u00f5es de seguran\u00e7a, e que existem regras essenciais para a pr\u00e1tica de surf,a XLIFE prefere alugar material aos seus alunos ou a pessoas que, de certa forma,nos consigam demonstrar que possuem alguma experi\u00eancia nesta modalidade. Certamente iremos aconselhar os nosso clientes a entrar ou n\u00e3o na \u00e1gua, dependendo [&hellip;]<\/p>","protected":false},"author":2,"featured_media":0,"parent":0,"menu_order":0,"comment_status":"closed","ping_status":"closed","template":"","meta":{"footnotes":""},"class_list":["post-28","page","type-page","status-publish","hentry"],"_links":{"self":[{"href":"https:\/\/xlifesurf.hdonline.pt\/en\/wp-json\/wp\/v2\/pages\/28","targetHints":{"allow":["GET"]}}],"collection":[{"href":"https:\/\/xlifesurf.hdonline.pt\/en\/wp-json\/wp\/v2\/pages"}],"about":[{"href":"https:\/\/xlifesurf.hdonline.pt\/en\/wp-json\/wp\/v2\/types\/page"}],"author":[{"embeddable":true,"href":"https:\/\/xlifesurf.hdonline.pt\/en\/wp-json\/wp\/v2\/users\/2"}],"replies":[{"embeddable":true,"href":"https:\/\/xlifesurf.hdonline.pt\/en\/wp-json\/wp\/v2\/comments?post=28"}],"version-history":[{"count":14,"href":"https:\/\/xlifesurf.hdonline.pt\/en\/wp-json\/wp\/v2\/pages\/28\/revisions"}],"predecessor-version":[{"id":382,"href":"https:\/\/xlifesurf.hdonline.pt\/en\/wp-json\/wp\/v2\/pages\/28\/revisions\/382"}],"wp:attachment":[{"href":"https:\/\/xlifesurf.hdonline.pt\/en\/wp-json\/wp\/v2\/media?parent=28"}],"curies":[{"name":"wp","href":"https:\/\/api.w.org\/{rel}","templated":true}]}}